{"id":366,"date":"2021-01-31T19:46:17","date_gmt":"2021-01-31T18:46:17","guid":{"rendered":"http:\/\/rombacka.com\/?page_id=366"},"modified":"2023-03-27T22:12:21","modified_gmt":"2023-03-27T20:12:21","slug":"bad-fiske-och-parkering-rombacka-romesjon","status":"publish","type":"page","link":"http:\/\/rombacka.com\/?page_id=366","title":{"rendered":"Rombacka\/Romesj\u00f6n. Bad och parkering"},"content":{"rendered":"\n<p><strong>Uppdaterat 2022-05-05<\/strong><\/p>\n\n\n\n<p><strong>Kommunen i Kung\u00e4lv har genom vite och sanktionsavgifter f\u00e5tt oss att ta bort parkeringsm\u00f6jligheten och v\u00e5rd av badplatserna p\u00e5 grund av att som de skriver, &#8221;det  kan vara avh\u00e5llsamt f\u00f6r allm\u00e4nheten att vistas d\u00e4r&#8221;. Vi f\u00f6rst\u00e5r inget av detta i skrivande stund.<\/strong><\/p>\n\n\n\n<p><\/p>\n\n\n\n<p>V\u00e4lkommen till Rombacka vid Romesj\u00f6n. Klicka p\u00e5 bilden s\u00e5 blir det h\u00f6gre uppl\u00f6sning<\/p>\n\n\n\n<figure class=\"wp-block-image size-large\"><a href=\"http:\/\/rombacka.com\/wp-content\/uploads\/2021\/01\/20160914_112145.jpg\"><img loading=\"lazy\" decoding=\"async\" width=\"3264\" height=\"2448\" src=\"http:\/\/rombacka.com\/wp-content\/uploads\/2021\/01\/20160914_112145.jpg\" alt=\"\" class=\"wp-image-367\"\/><\/a><\/figure>\n\n\n\n<figure class=\"wp-block-gallery has-nested-images columns-default is-cropped wp-block-gallery-1 is-layout-flex wp-block-gallery-is-layout-flex\">\n<figure class=\"wp-block-image size-large\"><a href=\"http:\/\/rombacka.com\/wp-content\/uploads\/2021\/01\/20190801_104026.jpg\"><img loading=\"lazy\" decoding=\"async\" width=\"4032\" height=\"3024\" data-id=\"368\" src=\"http:\/\/rombacka.com\/wp-content\/uploads\/2021\/01\/20190801_104026.jpg\" alt=\"\" class=\"wp-image-368\"\/><\/a><\/figure>\n\n\n\n<figure class=\"wp-block-image size-large\"><a href=\"http:\/\/rombacka.com\/wp-content\/uploads\/2021\/01\/received_660684374683923.jpeg\"><img loading=\"lazy\" decoding=\"async\" width=\"4032\" height=\"3024\" data-id=\"369\" src=\"http:\/\/rombacka.com\/wp-content\/uploads\/2021\/01\/received_660684374683923.jpeg\" alt=\"\" class=\"wp-image-369\"\/><\/a><\/figure>\n\n\n\n<figure class=\"wp-block-image size-large\"><a href=\"http:\/\/rombacka.com\/wp-content\/uploads\/2021\/01\/2010-08-0o2-023.jpg\"><img loading=\"lazy\" decoding=\"async\" width=\"2816\" height=\"2112\" data-id=\"370\" src=\"http:\/\/rombacka.com\/wp-content\/uploads\/2021\/01\/2010-08-0o2-023.jpg\" alt=\"\" class=\"wp-image-370\"\/><\/a><\/figure>\n\n\n\n<figure class=\"wp-block-image size-large\"><a href=\"http:\/\/rombacka.com\/wp-content\/uploads\/2022\/03\/20190522_1105241-3.jpg\"><img loading=\"lazy\" decoding=\"async\" width=\"591\" height=\"443\" data-id=\"388\" src=\"http:\/\/rombacka.com\/wp-content\/uploads\/2022\/03\/20190522_1105241-3.jpg\" alt=\"\" class=\"wp-image-388\"\/><\/a><\/figure>\n\n\n\n<figure class=\"wp-block-image size-large\"><a href=\"http:\/\/rombacka.com\/wp-content\/uploads\/2022\/03\/Blasippor.jpg\"><img loading=\"lazy\" decoding=\"async\" width=\"1672\" height=\"1254\" data-id=\"379\" src=\"http:\/\/rombacka.com\/wp-content\/uploads\/2022\/03\/Blasippor.jpg\" alt=\"\" class=\"wp-image-379\"\/><\/a><\/figure>\n<\/figure>\n\n\n\n<div class=\"wp-block-group\"><div class=\"wp-block-group__inner-container is-layout-flow wp-block-group-is-layout-flow\"><\/div><\/div>\n","protected":false},"excerpt":{"rendered":"<p>Uppdaterat 2022-05-05 Kommunen i Kung\u00e4lv har genom vite och sanktionsavgifter f\u00e5tt oss att ta bort parkeringsm\u00f6jligheten och v\u00e5rd av badplatserna p\u00e5 grund av att som de skriver, &#8221;det kan vara avh\u00e5llsamt f\u00f6r allm\u00e4nheten att vistas d\u00e4r&#8221;. Vi f\u00f6rst\u00e5r inget av detta i skrivande stund. V\u00e4lkommen till Rombacka vid Romesj\u00f6n. Klicka p\u00e5 bilden s\u00e5 blir det [&hellip;]<\/p>\n","protected":false},"author":1,"featured_media":0,"parent":0,"menu_order":0,"comment_status":"closed","ping_status":"closed","template":"","meta":{"footnotes":""},"class_list":["post-366","page","type-page","status-publish","hentry"],"_links":{"self":[{"href":"http:\/\/rombacka.com\/index.php?rest_route=\/wp\/v2\/pages\/366","targetHints":{"allow":["GET"]}}],"collection":[{"href":"http:\/\/rombacka.com\/index.php?rest_route=\/wp\/v2\/pages"}],"about":[{"href":"http:\/\/rombacka.com\/index.php?rest_route=\/wp\/v2\/types\/page"}],"author":[{"embeddable":true,"href":"http:\/\/rombacka.com\/index.php?rest_route=\/wp\/v2\/users\/1"}],"replies":[{"embeddable":true,"href":"http:\/\/rombacka.com\/index.php?rest_route=%2Fwp%2Fv2%2Fcomments&post=366"}],"version-history":[{"count":7,"href":"http:\/\/rombacka.com\/index.php?rest_route=\/wp\/v2\/pages\/366\/revisions"}],"predecessor-version":[{"id":410,"href":"http:\/\/rombacka.com\/index.php?rest_route=\/wp\/v2\/pages\/366\/revisions\/410"}],"wp:attachment":[{"href":"http:\/\/rombacka.com\/index.php?rest_route=%2Fwp%2Fv2%2Fmedia&parent=366"}],"curies":[{"name":"wp","href":"https:\/\/api.w.org\/{rel}","templated":true}]}}